{"id":2,"date":"2017-06-12T07:15:24","date_gmt":"2017-06-12T07:15:24","guid":{"rendered":"http:\/\/alpacazucht.com\/?page_id=2"},"modified":"2019-12-04T14:01:17","modified_gmt":"2019-12-04T14:01:17","slug":"sample-page","status":"publish","type":"page","link":"https:\/\/alpacazucht.com\/?page_id=2","title":{"rendered":"Wissenswertes \u00fcber Alpacas"},"content":{"rendered":"<h4 id=\"rght\"><span class=\"cont-txt-10\">Neuweltkameliden<\/span><\/h4>\n<p>&nbsp;<\/p>\n<div id=\"rght\"><span class=\"cont-txt-30\">Vor etwa 45 Millionen Jahren l\u00f6ste sich in Nordamerika ein hasengrosses Tier aus der Gruppe der S\u00e4ugetierordnung der Paarhufer: der Urahn der Kamele sowie der Lamas. Vor drei Millionen Jahren wanderte eine Gruppe dieser kamelartigen Tiere \u00fcber die damalige Landbr\u00fccke zwischen Alaska und Sibirien nach Asien aus: daraus gingen die Altweltkameliden hervor. Etwas sp\u00e4ter zog eine andere Gruppe gegen S\u00fcdamerika aus, die heutigen Neuweltkameliden. Neuweltkameliden gelten als intelligente und \u00fcberaus neugierige Wesen.<\/span><\/div>\n<div><\/div>\n<div><img loading=\"lazy\" decoding=\"async\" class=\"alignnone size-full wp-image-107\" src=\"https:\/\/alpacazucht.com\/wp-content\/uploads\/2017\/06\/alpaca2.jpg\" alt=\"\" width=\"681\" height=\"324\" srcset=\"https:\/\/alpacazucht.com\/wp-content\/uploads\/2017\/06\/alpaca2.jpg 681w, https:\/\/alpacazucht.com\/wp-content\/uploads\/2017\/06\/alpaca2-300x143.jpg 300w\" sizes=\"auto, (max-width: 681px) 100vw, 681px\" \/><\/div>\n<div><\/div>\n<div><\/div>\n<div>\n<h5 id=\"rght\"><span class=\"cont-txt-10\">Lama<\/span><\/h5>\n<div id=\"rght\"><span class=\"cont-txt-30\">Lamas sind ebenfalls eine domestizierte Form der Neuweltkameliden. Es gibt drei Formen. Beim klassischen Lama, dem Cara Sullo, liegt das Wollkleid wie eine Decke \u00fcber dem Rumpf. Kopf und Beine hingegen sind kurzhaarig. Das Medium-Lama hat mittellange Wolle und ist die zwischenform von Classic und Wollylama. Das Wolly-Lama weist eine langhaarige Wolle auf, welche sich auch auf Kopf und Beine erstreckt. Es wird vorwiegend als Lastentr\u00e4ger und Fleischlieferant gez\u00fcchtet und hat ein Stockmass bis zu 1.3 m und ein Gewicht von 120-200 kg. Dank seinem Passgang und seiner Trittsicherheit ist es ein ideales Trekking- und Packtier auch auf schmalen Bergpfaden, wie sie in den Alpen vorkommen. Es tr\u00e4gt Lasten bis zu 40kg auf seinem R\u00fccken.<\/span><\/div>\n<div><\/div>\n<h5 id=\"rght\"><span class=\"cont-txt-10\">Guanaco<\/span><\/h5>\n<div id=\"rght\"><span class=\"cont-txt-30\">Das Guanaco ist die Wildform des Lamas und auch weit verbreiteter als das scheuere und rarere, wilde Vicunja. Der Bestand der Guanacos wird auf 600`000 Tiere gesch\u00e4tzt.<\/span><\/div>\n<div><\/div>\n<h5 id=\"rght\"><span class=\"cont-txt-10\">Vicunja<\/span><\/h5>\n<div id=\"rght\"><span class=\"cont-txt-30\">sind wie auch die Guanacos eine Wildform und nicht domestiziert. Stuten leben im Herdenverband von meist 5 &#8211; 8 Tieren und einem Hengst und dessen Nachkommen bis zum Alter von etwa einem Jahr zusammen. Junghengste verlassen meist vor dem Erreichen des ersten Lebensjahres durch Druck des Herdenhengstes den Herdenverband und schliessen sich zu Junghengstherden von bis zu 60 Tieren zusammen. Die Wolle der zierlichen Wildform ist wegen seiner hohen Qualit\u00e4t sehr begehrt. Dank der Errichtung von Reservaten hat sich ihr Bestand von unter 10&#8217;000 in den 60-er Jahren wieder auf 200&#8217;000 erholt. Sie kommen in Peru, Bolivien, Chile und Ecuador vor. Die meisten Vicunjas werden alle 2 Jahre eingefangen, geschoren und wieder freigelassen. Pro Tier ergibt es nur etwa 200g Schur. Aus Vicunjafaser werden die teuersten Produkte in der Textilindustrie gefertigt.<\/span><\/div>\n<\/div>\n<div><\/div>\n<div><img loading=\"lazy\" decoding=\"async\" class=\"alignnone size-full wp-image-109\" src=\"https:\/\/alpacazucht.com\/wp-content\/uploads\/2017\/06\/alpaca3.jpg\" alt=\"\" width=\"259\" height=\"445\" srcset=\"https:\/\/alpacazucht.com\/wp-content\/uploads\/2017\/06\/alpaca3.jpg 259w, https:\/\/alpacazucht.com\/wp-content\/uploads\/2017\/06\/alpaca3-175x300.jpg 175w\" sizes=\"auto, (max-width: 259px) 100vw, 259px\" \/><\/div>\n<div><\/div>\n<div>\n<h4 id=\"rght\"><span class=\"cont-txt-10\">Alpaca<\/span><\/h4>\n<div id=\"rght\"><span class=\"cont-txt-30\">Dank seinem f\u00e4lligen Haarkleid mit starker Behaarung des Kopfes und der Beine wird es als Woll-Lieferant genutzt. Es wiegt 60-80kg und ist kleiner als das Lama. Unter einem Meter Stockmass. Das Alpaca stammt h\u00f6chstwahrscheinlich vom Vicunja ab.<\/span><\/div>\n<\/div>\n<div><img loading=\"lazy\" decoding=\"async\" class=\"alignnone size-full wp-image-110\" src=\"https:\/\/alpacazucht.com\/wp-content\/uploads\/2017\/06\/alpaca4.jpg\" alt=\"\" width=\"235\" height=\"214\" \/><\/div>\n<div><\/div>\n<div>\n<h5 id=\"rght\"><span class=\"cont-txt-10\">Alpaca Suris und Huacayas<\/span><\/h5>\n<div id=\"rght\"><span class=\"cont-txt-30\">Man unterscheidet zwei Typen: Suri und Huacaya. Die Wollfaser der Suri ist im Gegensatz zum Huacaya mit einem Drall versehen (Rasta-artig), der Bestand der Suri Alpacas ist nur etwa 3 &#8211; 5 % der Gesamtpopulation der Alpacas. 90% des Alpacaweltbestandes lebt in S\u00fcdperu in der N\u00e4he des Titicacasees (\u00fcber 3Mio., etwa 500.000 leben in Bolivien, 20.000 in Chile), je ca. 30.000 in Australien und Nordamerika, 6.000 in England, 3.000 in Deutschland und etwa 2.000 in der Schweiz. Sogar in Israel, Neuseeland und Hawaii werden heute Alpacas gehalten und gez\u00fcchtet.<\/span><\/div>\n<\/div>\n<div><\/div>\n<div><img loading=\"lazy\" decoding=\"async\" class=\"alignnone size-full wp-image-111\" src=\"https:\/\/alpacazucht.com\/wp-content\/uploads\/2017\/06\/alpaca5.jpg\" alt=\"\" width=\"621\" height=\"324\" srcset=\"https:\/\/alpacazucht.com\/wp-content\/uploads\/2017\/06\/alpaca5.jpg 621w, https:\/\/alpacazucht.com\/wp-content\/uploads\/2017\/06\/alpaca5-300x157.jpg 300w\" sizes=\"auto, (max-width: 621px) 100vw, 621px\" \/><\/div>\n<div><\/div>\n<div>\n<h5 id=\"rght\"><span class=\"cont-txt-10\">Haltung<\/span><\/h5>\n<div id=\"rght\"><span class=\"cont-txt-30\">Alpacas leben in den s\u00fcdamerikanischen Anden auf \u00fcber 3000 Meter \u00fcber Meer und finden ein relativ karges Nahrungsangebot vor. Dem sollten wir gerecht werden, so dass Sie immer gen\u00fcgend Rohfasern aufnehmen, die f\u00fcr die Verdauung und Wiederkaut\u00e4tigkeit besonders wichtig ist. Die gr\u00f6sste Gefahr in unseren Breiten ist Verfettung. Alpacas, die in Europa gehalten und gez\u00fcchtet werden, ben\u00f6tigen eine gen\u00fcgend grosse Weide (10 &#8211; 15 Tiere pro Hektar) einen zugfreien Offenstall oder Unterstand (2 m2 pro Tier) der mindestens 3 geschlossene Seiten haben sollte und nicht gegen die Wetterseite offen sein darf, jeden Tag frisches Wasser und gen\u00fcgend Heu das immer zur freien Verf\u00fcgung stehen sollte. Und nat\u00fcrlich gen\u00fcgend Mineralien, die man entweder in Pulverform oder als Block reichen kann. Das Alpaca ist ein Wiederk\u00e4uer, das einen 3-teiligen Magen besitzt.<\/span><\/div>\n<div><\/div>\n<h5 id=\"rght\"><span class=\"cont-txt-10\">Gesundheit<\/span><\/h5>\n<div id=\"rght\"><span class=\"cont-txt-30\">Wichtig ist die j\u00e4hrliche Schur, die Kontrolle und eventuelle Korrektur der Zehenn\u00e4gel sollte alle 2-3 Monate stattfinden. Entwurmungen sind nach gezielten Kotuntersuchungen 1-3 mal j\u00e4hrlich erforderlich, eine j\u00e4hrliche Impfung ist zu empfehlen.<\/span><\/div>\n<\/div>\n<div><\/div>\n<div><img loading=\"lazy\" decoding=\"async\" class=\"alignnone size-medium wp-image-759\" src=\"https:\/\/alpacazucht.com\/wp-content\/uploads\/2017\/06\/kamel-lama-guanaco-alpaka-z\u00fcchtet-infographic-schablone-80741205-300x202.jpg\" alt=\"\" width=\"300\" height=\"202\" srcset=\"https:\/\/alpacazucht.com\/wp-content\/uploads\/2017\/06\/kamel-lama-guanaco-alpaka-z\u00fcchtet-infographic-schablone-80741205-300x202.jpg 300w, https:\/\/alpacazucht.com\/wp-content\/uploads\/2017\/06\/kamel-lama-guanaco-alpaka-z\u00fcchtet-infographic-schablone-80741205-768x518.jpg 768w, https:\/\/alpacazucht.com\/wp-content\/uploads\/2017\/06\/kamel-lama-guanaco-alpaka-z\u00fcchtet-infographic-schablone-80741205-1024x691.jpg 1024w, https:\/\/alpacazucht.com\/wp-content\/uploads\/2017\/06\/kamel-lama-guanaco-alpaka-z\u00fcchtet-infographic-schablone-80741205.jpg 1300w\" sizes=\"auto, (max-width: 300px) 100vw, 300px\" \/> <img loading=\"lazy\" decoding=\"async\" class=\"alignnone size-medium wp-image-760\" src=\"https:\/\/alpacazucht.com\/wp-content\/uploads\/2017\/06\/anatomie-206x300.gif\" alt=\"\" width=\"206\" height=\"300\" \/> <img loading=\"lazy\" decoding=\"async\" class=\"alignnone size-medium wp-image-761\" src=\"https:\/\/alpacazucht.com\/wp-content\/uploads\/2017\/06\/alpaca-teeth-300x278.jpg\" alt=\"\" width=\"300\" height=\"278\" srcset=\"https:\/\/alpacazucht.com\/wp-content\/uploads\/2017\/06\/alpaca-teeth-300x278.jpg 300w, https:\/\/alpacazucht.com\/wp-content\/uploads\/2017\/06\/alpaca-teeth.jpg 465w\" sizes=\"auto, (max-width: 300px) 100vw, 300px\" \/> <img loading=\"lazy\" decoding=\"async\" class=\"alignnone size-medium wp-image-762\" src=\"https:\/\/alpacazucht.com\/wp-content\/uploads\/2017\/06\/fight20teeth1_small-300x224.jpg\" alt=\"\" width=\"300\" height=\"224\" srcset=\"https:\/\/alpacazucht.com\/wp-content\/uploads\/2017\/06\/fight20teeth1_small-300x224.jpg 300w, https:\/\/alpacazucht.com\/wp-content\/uploads\/2017\/06\/fight20teeth1_small.jpg 320w\" sizes=\"auto, (max-width: 300px) 100vw, 300px\" \/> <img loading=\"lazy\" decoding=\"async\" class=\"alignnone size-medium wp-image-763\" src=\"https:\/\/alpacazucht.com\/wp-content\/uploads\/2017\/06\/bad-alpaca-teeth-300x225.jpg\" alt=\"\" width=\"300\" height=\"225\" srcset=\"https:\/\/alpacazucht.com\/wp-content\/uploads\/2017\/06\/bad-alpaca-teeth-300x225.jpg 300w, https:\/\/alpacazucht.com\/wp-content\/uploads\/2017\/06\/bad-alpaca-teeth.jpg 616w\" sizes=\"auto, (max-width: 300px) 100vw, 300px\" \/><\/div>\n<div>\n<div><\/div>\n<h5 id=\"rght\"><span class=\"cont-txt-10\">Zuchtf\u00e4higkeit<\/span><\/h5>\n<div id=\"rght\"><span class=\"cont-txt-30\">Hengste (M\u00e4nnchen) sind mit etwa 2,5 &#8211; 3 Jahren ausgewachsen und zuchtf\u00e4hig, Stuten (Weibchen) mit etwa 1,5 bis 2 Jahren. Nicht das Alter der Stute ist prim\u00e4r massgebend, ob Sie nun gedeckt werden darf, sondern sie sollte mindestens 2\/3 des Endk\u00f6rpergewichts haben und nicht zu klein sein. In Peru werden die Stuten oft erst mit 2 Jahren das erste Mal gedeckt.<\/span><\/div>\n<div><\/div>\n<h5 id=\"rght\"><span class=\"cont-txt-10\">Nachwuchs<\/span><\/h5>\n<div id=\"rght\"><span class=\"cont-txt-30\">Die Tragzeit der Stute betr\u00e4gt in der Regel 11.5 Monate. Alpacas sind das ganze Jahr aufnahmef\u00e4hig, der Eisprung wird durch den Deckakt (wie beispielsweise bei Kaninchen) ausgel\u00f6st. Die Fohlen sollte man mit etwa 6 bis 8 Monaten nach der Geburt von der Mutter entw\u00f6hnen, damit die Stute wieder gen\u00fcgend Kraft hat f\u00fcr das n\u00e4chste Fohlen. Ein gemeinsames Aufwachsen von mehreren Jungtieren in einer eigenen Herde ist vorteilhaft, vorallem bei Hengsten die sp\u00e4ter zur Zucht genommen werden. Bei Hengstfohlen ist Distanz angebracht, sie sollten nicht gestreichelt oder sonstwie unn\u00f6tig an den Menschen gew\u00f6hnt werden, denn es besteht bei &#171;verh\u00e4tschelten&#187; Hengstfohlen die Gefahr wenn Sie geschlechtsreif sind, den Menschen nicht als solchen akzeptieren, sondern ihn eher als Rivalen einstufen. Das kann zu Verletzungen des Menschen f\u00fchren.<\/span><\/div>\n<div><\/div>\n<h5 id=\"rght\"><span class=\"cont-txt-10\">Spucken Alpacas ?<\/span><\/h5>\n<div id=\"rght\"><span class=\"cont-txt-30\">Ja, aber normalerweise nur untereinander um in der Herde die Rangordnung klarzustellen. Tiere, die in st\u00e4ndigem engen Kontakt mit Menschen aufwachsen, k\u00f6nnen auch Menschen anspucken. Ein Anzeichen f\u00fcr ein bevorstehendes Spucken ist die Position der Ohren. Wenn das Alpaca die Ohren zur\u00fccklegt, sollte man in Deckung gehen. Sie sind sehr treffsicher.<\/span><\/div>\n<\/div>\n<p>&nbsp;<\/p>\n<div>Lesen Sie auch unsere Antworten auf die h\u00e4ufig gestellten Fragen (FAQ)<\/div>\n<p><a href=\"\/?page_id=114\">\u2192 FAQ<\/a><\/p>\n","protected":false},"excerpt":{"rendered":"<p>Neuweltkameliden &nbsp; Vor etwa 45 Millionen Jahren l\u00f6ste sich in Nordamerika ein hasengrosses Tier aus der Gruppe der S\u00e4ugetierordnung der Paarhufer: der Urahn der Kamele sowie der Lamas. Vor drei Millionen Jahren wanderte eine Gruppe dieser kamelartigen Tiere \u00fcber die damalige Landbr\u00fccke zwischen Alaska und Sibirien nach Asien aus: daraus [&hellip;]<\/p>\n","protected":false},"author":1,"featured_media":0,"parent":0,"menu_order":0,"comment_status":"closed","ping_status":"open","template":"","meta":{"footnotes":""},"class_list":["post-2","page","type-page","status-publish","hentry"],"_links":{"self":[{"href":"https:\/\/alpacazucht.com\/index.php?rest_route=\/wp\/v2\/pages\/2","targetHints":{"allow":["GET"]}}],"collection":[{"href":"https:\/\/alpacazucht.com\/index.php?rest_route=\/wp\/v2\/pages"}],"about":[{"href":"https:\/\/alpacazucht.com\/index.php?rest_route=\/wp\/v2\/types\/page"}],"author":[{"embeddable":true,"href":"https:\/\/alpacazucht.com\/index.php?rest_route=\/wp\/v2\/users\/1"}],"replies":[{"embeddable":true,"href":"https:\/\/alpacazucht.com\/index.php?rest_route=%2Fwp%2Fv2%2Fcomments&post=2"}],"version-history":[{"count":12,"href":"https:\/\/alpacazucht.com\/index.php?rest_route=\/wp\/v2\/pages\/2\/revisions"}],"predecessor-version":[{"id":766,"href":"https:\/\/alpacazucht.com\/index.php?rest_route=\/wp\/v2\/pages\/2\/revisions\/766"}],"wp:attachment":[{"href":"https:\/\/alpacazucht.com\/index.php?rest_route=%2Fwp%2Fv2%2Fmedia&parent=2"}],"curies":[{"name":"wp","href":"https:\/\/api.w.org\/{rel}","templated":true}]}}